{"id":845,"date":"2014-10-03T11:46:50","date_gmt":"2014-10-03T11:46:50","guid":{"rendered":"http:\/\/beautysalescenter.com\/?page_id=845"},"modified":"2024-01-02T15:48:33","modified_gmt":"2024-01-02T15:48:33","slug":"pribor","status":"publish","type":"page","link":"https:\/\/beautysalescenter.com\/en\/umjetni-nokti\/pribor\/","title":{"rendered":"Accessories"},"content":{"rendered":"<p><\/p>\n<h2>NNP180, NON WOVEN NAIL WIPES\u00a0 200 KOM<\/h2>\n<h4>PRICE WITH VAT:<\/h4>\n<h4><strong>5,97 EUR<\/strong><\/h4>\n<p><span style=\"font-size: medium;\">The lint-free Non Woven Nail Wipes are perfect for removing polish and gel residue, prepping nails and for cleaning nail brushes and tools. As they are fold twice, the Non Woven Nail Wipes are four layers thick, which gives it strength and great absorption.<\/span><\/p>\n<ul>\n<li>\u00a0<span style=\"font-size: medium;\">Can be used for various purposes<\/span><\/li>\n<\/ul>\n<ul>\n<li><span style=\"font-size: medium;\"> Lint-free<\/span><\/li>\n<\/ul>\n<ul>\n<li><span style=\"font-size: medium;\"> Absorbs well<\/span><\/li>\n<\/ul>\n<ul>\n<li><span style=\"font-size: medium;\"> 200 pieces per package<\/span><\/li>\n<\/ul>\n<ul>\n<li><span style=\"font-size: medium;\"> Size: 5 cm x 5 cm<\/span><i> <\/i><\/li>\n<\/ul>\n<p><img loading=\"lazy\" decoding=\"async\" style=\"float: left;\" title=\"NETKANE VATICE\" src=\"http:\/\/beautysalescenter.com\/wp-content\/uploads\/2014\/10\/NON-WOVEN-NAIL-WIPES-NNP-180.jpg\" alt=\"NETKANE VATICE\" width=\"242\" height=\"200\" \/><\/p>\n<p><a href=\"http:\/\/www.beautysalescenter.com\/narudzba\/\" target=\"_blank\" class=\"generic button default large right \">ORDER<\/a><br \/>\n<div class=\"hr3\"><\/div><\/p>\n<h2><\/h2>\n<h2><\/h2>\n<h2>NNP181, NAIL WIPES 500 KOM<\/h2>\n<h4>PRICE WITH VAT:<\/h4>\n<h4><strong>9,29 EUR<\/strong><\/h4>\n<h6><\/h6>\n<p><img loading=\"lazy\" decoding=\"async\" style=\"float: left;\" title=\"NAIL WIPES \" src=\"http:\/\/beautysalescenter.com\/wp-content\/uploads\/2014\/10\/NAIL-WIPES-NNP-181-500-KOM.jpg\" alt=\"NAIL WIPES \" width=\"246\" height=\"181\" \/><\/p>\n<p><a href=\"http:\/\/www.beautysalescenter.com\/narudzba\/\" target=\"_blank\" class=\"generic button default large right \">ORDER<\/a><br \/>\n<div class=\"hr3\"><\/div><\/p>\n<h2><\/h2>\n<h2><\/h2>\n<h2>NNP182, HOLDER FOR NAIL WIPES TRANSPARENT<\/h2>\n<h4>PRICE WITH VAT:<\/h4>\n<h4><strong>23,89 EUR<\/strong><\/h4>\n<h6><\/h6>\n<p><span style=\"font-size: medium;\">Transparent holder for a roll of nail wipes.<\/span><\/p>\n<p><img loading=\"lazy\" decoding=\"async\" style=\"float: left;\" title=\"PLASTI\u010cNI DR\u017dA\u010c ZA VATICE\" src=\"http:\/\/beautysalescenter.com\/wp-content\/uploads\/2014\/10\/HOLDER-FOR-NAIL-WIPES-TRANSPARENT-NNP182.jpg\" alt=\"PLASTI\u010cNI DR\u017dA\u010c ZA VATICE\" width=\"246\" height=\"247\" \/><\/p>\n<p><a href=\"http:\/\/www.beautysalescenter.com\/narudzba\/\" target=\"_blank\" class=\"generic button default large right \">ORDER<\/a><br \/>\n<div class=\"hr3\"><\/div><\/p>\n<h2><\/h2>\n<h2><\/h2>\n<h2><\/h2>\n<h2>NNP183, MANICURE BRUSH DELUX<\/h2>\n<h4>PRICE WITH VAT:<\/h4>\n<h4><strong>2,66 EUR<\/strong><\/h4>\n<p><span style=\"font-size: medium;\">Plastic manicure brush to eliminate dust during nail services.<\/span><\/p>\n<p><img loading=\"lazy\" decoding=\"async\" style=\"float: left;\" title=\"\u010cETKICA ZA PRA\u0160INU\" src=\"http:\/\/beautysalescenter.com\/wp-content\/uploads\/2014\/10\/MANICURE-BRUSH-DELUX-NNP-183.jpg\" alt=\"\u010cETKICA ZA PRA\u0160INU\" width=\"230\" height=\"208\" \/><\/p>\n<p><a href=\"http:\/\/www.beautysalescenter.com\/narudzba\/\" target=\"_blank\" class=\"generic button default large right \">ORDER<\/a><br \/>\n<div class=\"hr3\"><\/div><\/p>\n<h2><\/h2>\n<h2><\/h2>\n<h2><\/h2>\n<h2>NNP184, TOE SEPARATORS ,PKG,<\/h2>\n<h4>PRICE WITH VAT:<\/h4>\n<h4><strong>1,59 EUR<\/strong><\/h4>\n<h6><\/h6>\n<p><span style=\"font-size: medium;\">Foam separators to keep toes separate while filing or applying nail polish.<\/span><\/p>\n<p><img loading=\"lazy\" decoding=\"async\" style=\"float: left;\" title=\"SEPARATORI ZA NOGE\" src=\"http:\/\/beautysalescenter.com\/wp-content\/uploads\/2014\/10\/TOE-SEPARATORS-NNP-184.jpg\" alt=\"SEPARATORI ZA NOGE\" width=\"230\" height=\"184\" \/><\/p>\n<p><a href=\"http:\/\/www.beautysalescenter.com\/narudzba\/\" target=\"_blank\" class=\"generic button default large right \">ORDER<\/a><br \/>\n<div class=\"hr3\"><\/div><\/p>\n<h2><\/h2>\n<h2><\/h2>\n<h2>NNP185, GEL SPONGE, 80 KOM<\/h2>\n<h4>PRICE WITH VAT:<\/h4>\n<h4><strong>7,30 EUR<\/strong><\/h4>\n<p><a href=\"http:\/\/www.beautysalescenter.com\/narudzba\/\" target=\"_blank\" class=\"generic button default large right \">NARU\u010cI<\/a><\/p>","protected":false},"excerpt":{"rendered":"<p>NNP180, NON WOVEN NAIL WIPES\u00a0 200 KOM PRICE WITH VAT: 5,97 EUR The lint-free Non Woven Nail Wipes are perfect &hellip;<\/p>\n","protected":false},"author":2,"featured_media":0,"parent":659,"menu_order":0,"comment_status":"closed","ping_status":"closed","template":"","meta":{"footnotes":""},"categories":[53],"tags":[],"class_list":["post-845","page","type-page","status-publish","hentry","category-pribor","pribor"],"aioseo_notices":[],"_links":{"self":[{"href":"https:\/\/beautysalescenter.com\/en\/wp-json\/wp\/v2\/pages\/845","targetHints":{"allow":["GET"]}}],"collection":[{"href":"https:\/\/beautysalescenter.com\/en\/wp-json\/wp\/v2\/pages"}],"about":[{"href":"https:\/\/beautysalescenter.com\/en\/wp-json\/wp\/v2\/types\/page"}],"author":[{"embeddable":true,"href":"https:\/\/beautysalescenter.com\/en\/wp-json\/wp\/v2\/users\/2"}],"replies":[{"embeddable":true,"href":"https:\/\/beautysalescenter.com\/en\/wp-json\/wp\/v2\/comments?post=845"}],"version-history":[{"count":19,"href":"https:\/\/beautysalescenter.com\/en\/wp-json\/wp\/v2\/pages\/845\/revisions"}],"predecessor-version":[{"id":2186,"href":"https:\/\/beautysalescenter.com\/en\/wp-json\/wp\/v2\/pages\/845\/revisions\/2186"}],"up":[{"embeddable":true,"href":"https:\/\/beautysalescenter.com\/en\/wp-json\/wp\/v2\/pages\/659"}],"wp:attachment":[{"href":"https:\/\/beautysalescenter.com\/en\/wp-json\/wp\/v2\/media?parent=845"}],"wp:term":[{"taxonomy":"category","embeddable":true,"href":"https:\/\/beautysalescenter.com\/en\/wp-json\/wp\/v2\/categories?post=845"},{"taxonomy":"post_tag","embeddable":true,"href":"https:\/\/beautysalescenter.com\/en\/wp-json\/wp\/v2\/tags?post=845"}],"curies":[{"name":"wp","href":"https:\/\/api.w.org\/{rel}","templated":true}]}}